{"id":106,"date":"2021-08-12T17:31:42","date_gmt":"2021-08-12T17:31:42","guid":{"rendered":"https:\/\/soymaribelmartinez.com\/index.php\/generated-homepage\/"},"modified":"2021-09-19T08:23:18","modified_gmt":"2021-09-19T08:23:18","slug":"generated-homepage","status":"publish","type":"page","link":"https:\/\/soymaribelmartinez.com\/","title":{"rendered":"Inicio"},"content":{"rendered":"<h1 style=\"\"><span style=\"color: var(--tcb-skin-color-0);\">Disfruta de tu crianza<\/span><\/h1>\n<h1 style=\"\">sin prisas y sin estr\u00e9s.<\/h1>\n<p style=\"\">Aprende a Gestionar y Optimizar tu tiempo en familia para disfrutar de tus hijos.<\/p>\n<p><span><img alt=\"Maribel Mart\u00ednez\" data-id=\"110\" title=\"maribel-martinez-home\" src=\"\/\/soymaribelmartinez.com\/wp-content\/uploads\/2021\/08\/maribel-martinez-home-scaled.jpg\" style=\"\" data-width=\"373\" data-height=\"423\" data-init-width=\"2257\" data-init-height=\"2560\" width=\"373\" height=\"423\" loading=\"lazy\"><\/span><span><img alt=\"IB3 Radio\" data-id=\"203\" width=\"140\" data-init-width=\"317\" height=\"62\" data-init-height=\"140\" title=\"IB3 Radio\" src=\"\/\/soymaribelmartinez.com\/wp-content\/uploads\/2021\/08\/IB3_radio_logo.jpg\" data-width=\"140\" data-height=\"62\" style=\"\" loading=\"lazy\"><\/span><span><img alt=\"Conselleria Salut Illes Balears\" data-id=\"206\" title=\"Conselleria Salut Illes Balears\" src=\"\/\/soymaribelmartinez.com\/wp-content\/uploads\/2021\/08\/LOGO_C_SAL_CON_IBSALUT_COL1.png\" style=\"\" ml-m=\"0\" ml-t=\"0\" width=\"120\" height=\"102\" data-width=\"120\" data-height=\"102\" data-init-width=\"200\" data-init-height=\"170\" loading=\"lazy\"><\/span><span><img alt=\"Conselleria Educaci\u00f3 Illes Balears\" data-id=\"207\" title=\"Conselleria Educaci\u00f3 Illes Balears\" src=\"\/\/soymaribelmartinez.com\/wp-content\/uploads\/2021\/08\/C_EDU_UNI_REC_COL.png\" style=\"\" ml-m=\"0\" ml-t=\"0\" width=\"120\" height=\"80\" data-width=\"120\" data-height=\"80\" data-init-width=\"837\" data-init-height=\"558\" loading=\"lazy\"><\/span><span><img alt=\"Peque P\u00e1ginas\" data-id=\"205\" title=\"Peque P\u00e1ginas\" src=\"\/\/soymaribelmartinez.com\/wp-content\/uploads\/2021\/08\/Peque-Paginas.png\" style=\"\" ml-m=\"0\" ml-t=\"0\" width=\"120\" height=\"39\" data-width=\"120\" data-height=\"39\" data-init-width=\"395\" data-init-height=\"128\" loading=\"lazy\"><\/span><\/p>\n<p dir=\"ltr\" style=\"text-align: center;\"><span style=\"color: var(--tcb-skin-color-0);\">Es hora de dejar atr\u00e1s la culpa, la falta de paciencia, el perder los papeles<\/span>,el no ser constante, no ser coherente,el no poder dar presencia cuando tienes la casa patas arriba\u2026<span style=\"color: var(--tcb-skin-color-0);\">S\u00e9 la madre que quieres ser! <\/span><\/p>\n<h3 style=\"\">\u00bfVas todo el d\u00eda corriendo, desde que sales por la ma\u00f1ana?<\/h3>\n<p>\u00bfSales deprisa y enfadada para llegar al cole a tiempo hasta la hora de la cena?<span>\u00bfNo has parado pero sientes que no has hecho nada?<\/span>\u00bfNo has tenido &nbsp;tiempo ni de hablar con tu pareja, ni de jugar con tus hijos, ni de escucharles, ni de compartir momentos bonitos en familia, y mucho menos has tenido tiempo para ti?<\/p>\n<h3 style=\"\">\u00bfTe frustra que te planifiques y no puedas cumplirlo?<\/h3>\n<p dir=\"ltr\">Que no seas capaz de seguir las rutinas que te marcas, que el reparto de tareas no funcione.<\/p>\n<p dir=\"ltr\">\u00bfTe estresa el desorden y el caos de tu casa?\u00bfO lo haces t\u00fa o te pasas el d\u00eda repitiendo todo mil veces a los dem\u00e1s, y eso te desgasta mucho, te genera mucha impotencia y te desanima?<\/p>\n<h2>En 3 meses consigues&#8230;<\/h2>\n<p style=\"\">Parar<\/p>\n<p style=\"text-align: left;\">Dejes de correr, averig\u00fcas qu\u00e9 quieres para ti y para tu familia y te enfocas en conseguirlo.<\/p>\n<\/p>\n<p style=\"\">Planificar<\/p>\n<p style=\"text-align: left;\">Planificas el d\u00eda a d\u00eda de tu familia y le das estructura.<\/p>\n<\/p>\n<p style=\"\">Tener tiempo libre<\/p>\n<p style=\"text-align: left;\">Tiempo para ti, s\u00ed para ti.<\/p>\n<p style=\"text-align: left;\">Tiempo para lo que realmente deseas.<\/p>\n<\/p>\n<p style=\"\">Tener tu casa ordenada<\/p>\n<p style=\"text-align: left;\">Ordena el caos y conseguigue armon\u00eda y paz en tu hogar.Todos colaboran en las tareas de hogar, y tus hijos son aut\u00f3nomos y responsables.<\/p>\n<\/p>\n<p style=\"\">Disfrutar de tus hijos<\/p>\n<p>Reconecta con tus hijos, tu pareja y crea la familia que deseas.<\/p>\n<\/p>\n<h2 style=\"text-align: center;\"><strong>En s\u00f3lo 3 meses te ayudo a&#8230;<\/strong><\/h2>\n<p>Step 2.<\/p>\n<p>Lorem ipsum dolor sit amet, consectetur adipisicing elit, sed duius eiusmod tempor incididunt ut labore et dolore magna prior consequat laboris aliqua.<\/p>\n<p>Step 3.<\/p>\n<p>Lorem ipsum dolor sit amet, consectetur adipisicing elit, sed duius eiusmod tempor incididunt ut labore et dolore magna prior consequat laboris aliqua.<\/p>\n<h2 style=\"text-align: center;\">Discover the Communication Skills Blog<\/h2>\n<p style=\"text-align: center;\">Stay up to date with the latest tips &amp; tools for pro communicators.<\/p>\n<div class=\"tcb-post-list tve-content-list thrv_wrapper\" data-type=\"grid\" data-pagination-type=\"none\" data-pages_near_current=\"2\" data-css=\"tve-u-17034bdac00\" data-no_posts_text=\"\" data-total_post_count=\"1\" data-total_sticky_count=\"0\"><article id=\"post-1\" class=\"post-1 post type-post status-publish format-standard hentry category-sin-categoria post-wrapper thrv_wrapper thrive-animated-item \" tcb_hover_state_parent=\"\" data-selector=\".post-wrapper\"><style class=\"tcb-post-list-dynamic-style\" type=\"text\/css\">@media (min-width: 300px){[].tcb-post-list #post-1 []{background-image: linear-gradient(rgba(0, 0, 0, 0.06), rgba(0, 0, 0, 0.06)), url(&#8220;https:\/\/soymaribelmartinez.com\/wp-content\/themes\/thrive-theme\/inc\/assets\/images\/featured_image.png&#8220;) !important;}[].tcb-post-list #post-1 []:hover []{background-image: linear-gradient(rgba(0, 0, 0, 0), rgba(0, 0, 0, 0)), url(&#8220;https:\/\/soymaribelmartinez.com\/wp-content\/themes\/thrive-theme\/inc\/assets\/images\/featured_image.png&#8220;) !important;}}<\/style><a href=\"https:\/\/soymaribelmartinez.com\/index.php\/2021\/06\/23\/hola-mundo\/\" dynamic-postlink=\"tcb_post_the_permalink\" data-shortcode-id=\"232\"><\/a><\/p>\n<p><span data-attr-date-format=\"F j, Y\" data-attr-date-format-select=\"F j, Y\" data-attr-show-time=\"0\" data-attr-time-format=\"\" data-attr-time-format-select=\"g:i a\" data-attr-type=\"published\" data-extra_key=\"\" data-option-inline=\"1\" data-shortcode=\"tcb_post_published_date\" data-shortcode-name=\"Post date\">June 23, 2021 <\/span><\/p>\n<h2><strong><span data-attr-css=\"tve-u-17034bb953f\" data-attr-link=\"1\" data-attr-rel=\"0\" data-attr-target=\"0\" data-option-inline=\"1\" data-shortcode=\"tcb_post_title\" data-shortcode-name=\"Post title\" data-attr-static-link=\"{&quot;className&quot;:&quot;&quot;,&quot;href&quot;:&quot;http:\/\/soymaribelmartinez.com\/index.php\/2021\/06\/23\/hola-mundo\/&quot;,&quot;title&quot;:&quot;\u00a1Hola, mundo!&quot;,&quot;data-css&quot;:&quot;tve-u-17034bb953f&quot;,&quot;class&quot;:&quot;&quot;}\"><a href=\"https:\/\/soymaribelmartinez.com\/index.php\/2021\/06\/23\/hola-mundo\/\" title=\"\u00a1Hola, mundo!\" data-css=\"tve-u-17034bb953f\" class=\"\">\u00a1Hola, mundo!<\/a><\/span><\/strong><\/h2>\n<p><a href=\"https:\/\/soymaribelmartinez.com\/index.php\/2021\/06\/23\/hola-mundo\/\" style=\"padding-top: 15px !important; padding-right: 10px !important; padding-left: 10px !important;\"><span style=\"\"><span style=\"\">&#8230;<\/span><\/span><\/a><\/article><\/div>\n<h2>About <span style=\"color: var(--tcb-skin-color-0);\">Me.<\/span><\/h2>\n<p><a href=\"https:\/\/www.facebook.com\/paginalibrosparapadres\" target=\"_blank\" rel=\"nofollow noopener\" data-shortcode-id=\"fb\" data-dynamic-link=\"thrive_global_fields_url\"><\/a><a href=\"https:\/\/www.instagram.com\/maribelmartinez.life\" target=\"_blank\" rel=\"nofollow noopener\" data-shortcode-id=\"ig\" data-dynamic-link=\"thrive_global_fields_url\"><\/a><a href=\"\" target=\"_blank\" rel=\"nofollow noopener\" data-shortcode-id=\"in\" data-dynamic-link=\"thrive_global_fields_url\"><\/a><\/p>\n<p>Lorem ipsum dolor sit amet, consectetur adipisicing elit, sed do eiusmod tempor incididunt ut labore et dolore magna aliqua. Ut enim ad minim veniam, quis nostrud exercitation ullamco laboris nisi ut aliquip ex ea commodo consequat.<\/p>\n<p>\u201d<\/p>\n<h2>They Say<\/h2>\n<p>Peter Strauss<\/p>\n<p>UI Designer<\/p>\n<p>&#8221; Lorem ipsum dolor sit amet, sagittis consectetur elit, sed duius eiusmod tempor incididunt.&#8221;<\/p>\n<p style=\"\">Julia Stewart<\/p>\n<p style=\"\">Product Manager<\/p>\n<p>&#8221; Lorem ipsum dolor sit amet, sagittis consectetur elit, sed duius eiusmod tempor incididunt.&#8221;<\/p>\n<h2 style=\"text-align: center;\">Boost Your Skills. Join 20,000+ Subscribers.<\/h2>\n<p style=\"text-align: center;\">It&#8217;s time for you to be heard and understood. Download our free guide to learn the 5 secrets to effortless persuasion and get started today:<\/p>\n<p style=\"\">Planificar<\/p>\n<p style=\"\">Planifica y dale estructura al d\u00eda a d\u00eda de tu familia.<\/p>\n<\/p>\n<p><span>Select Columns Layout<\/span><\/p>\n","protected":false},"excerpt":{"rendered":"<p>Disfruta de tu crianza sin prisas y sin estr\u00e9s. Aprende a Gestionar y Optimizar tu tiempo en familia para disfrutar de tus hijos. Es hora de dejar atr\u00e1s la culpa, la falta de paciencia, el perder los papeles,el no ser constante, no ser coherente,el no poder dar presencia cuando tienes la casa patas arriba\u2026S\u00e9 la [&hellip;]<\/p>\n","protected":false},"author":1,"featured_media":0,"parent":0,"menu_order":0,"comment_status":"closed","ping_status":"closed","template":"","meta":[],"_links":{"self":[{"href":"https:\/\/soymaribelmartinez.com\/index.php\/wp-json\/wp\/v2\/pages\/106"}],"collection":[{"href":"https:\/\/soymaribelmartinez.com\/index.php\/wp-json\/wp\/v2\/pages"}],"about":[{"href":"https:\/\/soymaribelmartinez.com\/index.php\/wp-json\/wp\/v2\/types\/page"}],"author":[{"embeddable":true,"href":"https:\/\/soymaribelmartinez.com\/index.php\/wp-json\/wp\/v2\/users\/1"}],"replies":[{"embeddable":true,"href":"https:\/\/soymaribelmartinez.com\/index.php\/wp-json\/wp\/v2\/comments?post=106"}],"version-history":[{"count":65,"href":"https:\/\/soymaribelmartinez.com\/index.php\/wp-json\/wp\/v2\/pages\/106\/revisions"}],"predecessor-version":[{"id":281,"href":"https:\/\/soymaribelmartinez.com\/index.php\/wp-json\/wp\/v2\/pages\/106\/revisions\/281"}],"wp:attachment":[{"href":"https:\/\/soymaribelmartinez.com\/index.php\/wp-json\/wp\/v2\/media?parent=106"}],"curies":[{"name":"wp","href":"https:\/\/api.w.org\/{rel}","templated":true}]}}